{"id":307,"date":"2016-06-08T17:09:17","date_gmt":"2016-06-08T17:09:17","guid":{"rendered":"http:\/\/wp1.themexlab.com\/m3\/builder\/?page_id=4"},"modified":"2024-12-19T06:45:46","modified_gmt":"2024-12-19T06:45:46","slug":"home-one","status":"publish","type":"page","link":"https:\/\/sancongnghiepvietnam.com\/","title":{"rendered":"S\u00c0N SI\u00caU PH\u1eb2NG &#8211; TH\u00c9P S\u1ee2I DRAMIX"},"content":{"rendered":"<p>[vc_row][vc_column width=&#8221;1\/4&#8243;][\/vc_column][vc_column width=&#8221;1\/2&#8243;][vc_message icon_fontawesome=&#8221;fa fa-book&#8221;]<\/p>\n<h3 style=\"text-align: center;\"><strong><a href=\"https:\/\/sancongnghiepvietnam.com\/wp-content\/uploads\/2021\/10\/Formula-Floor-Specifications-051021.pdf\">Download<\/a> Formula Brochure<\/strong><\/h3>\n<p>[\/vc_message][\/vc_column][vc_column width=&#8221;1\/4&#8243;][\/vc_column][\/vc_row][vc_row][vc_column width=&#8221;1\/4&#8243;][\/vc_column][vc_column width=&#8221;1\/2&#8243;][vc_message icon_fontawesome=&#8221;fa fa-book&#8221;]<\/p>\n<h3 style=\"text-align: center;\"><strong><a href=\"https:\/\/sancongnghiepvietnam.com\/wp-content\/uploads\/2022\/03\/Formula-Tieu-Chuan-San-Be-Tong-Sieu-Phang.pdf\">Download<\/a> Ti\u00eau Chu\u1ea9n S\u00e0n Si\u00eau Ph\u1eb3ng<\/strong><\/h3>\n<p>[\/vc_message][\/vc_column][vc_column width=&#8221;1\/4&#8243;][\/vc_column][\/vc_row][vc_row][vc_column][rev_slider_vc alias=&#8221;builder_slider&#8221;][vc_video link=&#8221;https:\/\/rumble.com\/v5moyi2-superflat-floor-construction-company.html&#8221; el_width=&#8221;70&#8243; align=&#8221;center&#8221;][vc_empty_space]\r\n   \r\n\r\n   \r\n\r\n\r\n\r\n<!--Testimonials-->\r\n\r\n    <!--Testimonials-->\r\n    <section class=\"testimonials\">\r\n    \t<div class=\"auto-container\">\r\n        \t<div class=\"row clearfix\">\r\n            \t<!--Section Title-->\r\n            \t<header class=\"sec-title clearfix\">\r\n                \t<span class=\"double-line\"><\/span> &ensp; <h1>Recognition by the Industry<\/h1> &ensp; <span class=\"double-line\"><\/span>\r\n                <\/header>\r\n                <div class=\"quote-icon theme-color\"><span class=\"fa fa-quote-left\"><\/span><\/div>\r\n                \r\n                <!--Slider-->\r\n                <div class=\"slider clearfix\">\r\n                    \t\t\t\t\t<article class=\"slide-item anim-5-all\">\r\n                    \t<figure class=\"avatar\">\r\n\t\t\t\t\t\t<img loading=\"lazy\" decoding=\"async\" width=\"90\" height=\"90\" src=\"https:\/\/sancongnghiepvietnam.com\/wp-content\/uploads\/2016\/06\/Xuyen-1-90x90.jpg\" class=\"img-responsive wp-post-image\" alt=\"\" srcset=\"https:\/\/sancongnghiepvietnam.com\/wp-content\/uploads\/2016\/06\/Xuyen-1-90x90.jpg 90w, https:\/\/sancongnghiepvietnam.com\/wp-content\/uploads\/2016\/06\/Xuyen-1-70x70.jpg 70w, https:\/\/sancongnghiepvietnam.com\/wp-content\/uploads\/2016\/06\/Xuyen-1.jpg 100w\" sizes=\"auto, (max-width: 90px) 100vw, 90px\" \/>\t\t\t\t\t\t<\/figure>\r\n                        <div class=\"content\">\r\n                        \t<span class=\"curve\"><\/span>\r\n                        \t<div class=\"quote-text\">L\u00e0 nh\u00e0 th\u1ea7u s\u00e0n c\u00f4ng nghi\u1ec7p l\u1edbn nh\u1ea5t v\u00e0 uy t\u00edn nh\u1ea5t Vi\u1ec7t Nam, Gia Hi\u1ec7p Ph\u00e1t ch\u1ee9ng t\u1ecf \u0111\u01b0\u1ee3c n\u0103ng l\u1ef1c v\u00e0 s\u1ef1 chuy\u00ean nghi\u1ec7p c\u1ee7a m\u00ecnh qua c\u00e1c d\u1ef1 \u00e1n, c\u00e1c c\u00f4ng vi\u1ec7c trong g\u1ea7n 20 n\u0103m qua. Bekaert r\u1ea5t h\u00e2n h\u1ea1nh \u0111\u01b0\u1ee3c h\u1ee3p t\u00e1c v\u1edbi Gia Hi\u1ec7p Ph\u00e1t trong vi\u1ec7c ph\u00e1t tri\u1ec3n \u1ee9ng d\u1ee5ng b\u00ea t\u00f4ng c\u1ed1t s\u1ee3i th\u00e9p Dramix \u1edf th\u1ecb tr\u01b0\u1eddng Vi\u1ec7t Nam, L\u00e0o, ...<\/div>\r\n                            <div class=\"quote-author\"><strong class=\"theme-color\">\u00d4ng L\u00e2m B\u00ecnh Xuy\u00ean<\/strong>   \u0110\u1ea1i Di\u1ec7n Bekaert t\u1ea1i Vi\u1ec7t Nam<\/div>\r\n                        <\/div>\r\n                    <\/article>\r\n\t\t\t\t\t\t\t\t\t<article class=\"slide-item anim-5-all\">\r\n                    \t<figure class=\"avatar\">\r\n\t\t\t\t\t\t<img loading=\"lazy\" decoding=\"async\" width=\"90\" height=\"90\" src=\"https:\/\/sancongnghiepvietnam.com\/wp-content\/uploads\/2016\/06\/CK-90x90.jpeg\" class=\"img-responsive wp-post-image\" alt=\"\" srcset=\"https:\/\/sancongnghiepvietnam.com\/wp-content\/uploads\/2016\/06\/CK-90x90.jpeg 90w, https:\/\/sancongnghiepvietnam.com\/wp-content\/uploads\/2016\/06\/CK-70x70.jpeg 70w, https:\/\/sancongnghiepvietnam.com\/wp-content\/uploads\/2016\/06\/CK.jpeg 100w\" sizes=\"auto, (max-width: 90px) 100vw, 90px\" \/>\t\t\t\t\t\t<\/figure>\r\n                        <div class=\"content\">\r\n                        \t<span class=\"curve\"><\/span>\r\n                        \t<div class=\"quote-text\">I&#8217;ve known Mr. Doan for more than 10yrs now and if you are looking for an industry expert that can supply a good floor every time, he is the man to call.<\/div>\r\n                            <div class=\"quote-author\"><strong class=\"theme-color\">Christopher S. Keen<\/strong>  Certification Committee member of ACI (American Concrete Institute) | ACI Examiner \u2013 Industrial Flatwork<\/div>\r\n                        <\/div>\r\n                    <\/article>\r\n\t\t\t\t\t\t\t\t\t<article class=\"slide-item anim-5-all\">\r\n                    \t<figure class=\"avatar\">\r\n\t\t\t\t\t\t<img loading=\"lazy\" decoding=\"async\" width=\"90\" height=\"90\" src=\"https:\/\/sancongnghiepvietnam.com\/wp-content\/uploads\/2016\/06\/Nguyen-Anh-Viet-90x90.jpg\" class=\"img-responsive wp-post-image\" alt=\"\" srcset=\"https:\/\/sancongnghiepvietnam.com\/wp-content\/uploads\/2016\/06\/Nguyen-Anh-Viet-90x90.jpg 90w, https:\/\/sancongnghiepvietnam.com\/wp-content\/uploads\/2016\/06\/Nguyen-Anh-Viet-70x70.jpg 70w, https:\/\/sancongnghiepvietnam.com\/wp-content\/uploads\/2016\/06\/Nguyen-Anh-Viet.jpg 100w\" sizes=\"auto, (max-width: 90px) 100vw, 90px\" \/>\t\t\t\t\t\t<\/figure>\r\n                        <div class=\"content\">\r\n                        \t<span class=\"curve\"><\/span>\r\n                        \t<div class=\"quote-text\">Mr. Doan and his team can build a flat floor complying the world&#8217;s best method from ACI and meeting the requirements from ASTM E1155.<\/div>\r\n                            <div class=\"quote-author\"><strong class=\"theme-color\">Nguyen Anh Viet (0981 204 080)<\/strong>   FACE USA Authorized Trainer for ATSM E1155 | Certification Committee Member of ACI (American Concrete Institute) \u2013 Industrial Flatwork<\/div>\r\n                        <\/div>\r\n                    <\/article>\r\n\t\t\t\t\t\r\n                <\/div>\r\n                <!--Slider End-->\r\n                \r\n            <\/div>\r\n        <\/div>\r\n    <\/section>\r\n\r\n\r\n\r\n\r\n\r\n[\/vc_column][\/vc_row][vc_row][vc_column]\r\n <!--About Section-->\r\r\n\t<section class=\"featured-services\">\r    \t<div class=\"auto-container\">\r        \t<!--Box Container-->\r        \t<div class=\"container-box anim-5-all\">\r            \t<div class=\"bar bg-white\"><\/div>\r                <header class=\"sec-title\">\r                    <span class=\"double-line\"><\/span><h1>C\u00c1C GI\u1ea2I PH\u00c1P CHO S\u00c0N C\u00d4NG NGHI\u1ec6P<\/h1><span class=\"double-line\"><\/span>\r                    <p>Ch\u00fang t\u00f4i mang \u0111\u1ebfn gi\u1ea3i ph\u00e1p t\u1ed5ng th\u1ec3 cho s\u00e0n b\u00ea t\u00f4ng c\u00e1c d\u1ef1 \u00e1n nh\u00e0 kho &amp; nh\u00e0 x\u01b0\u1edfng.<\/p>\r                <\/header>\r\r                <div class=\"col-lg-6 col-sm-12 col-xs-12 single-what-we-do clearfix\">\r                    <div class=\"img-wrap \">\r                        <img decoding=\"async\" src=\"https:\/\/sancongnghiepvietnam.com\/wp-content\/uploads\/2021\/03\/WR.-MEADOWS-PERMINATOR-58.jpg\" alt=\"Image\">\r                        <div class=\"overlay\">\r                            <div class=\"link\">\r                                <a href=\"https:\/\/sancongnghiepvietnam.com\/index.php\/perminator-mang-chong-tham\/\" class=\"fa fa-link\"><\/a>\r                            <\/div>\r                        <\/div>\r                    <\/div>\r                    <div class=\"content\">\r                        <h3>Ch\u1ed1ng Th\u1ea5m, Ch\u1ed1ng \u1ea8m<\/h3>\r                        <p>S\u1eed d\u1ee5ng m\u00e0ng ch\u1ed1ng \u1ea9m v\u00e0 ch\u1ed1ng th\u1ea5m PERMINATOR d\u00e0y 10mm d\u01b0\u1edbi s\u00e0n nh\u1eb1m b\u1ea3o v\u1ec7 s\u00e0n kh\u1ecfi \u1ea9m, r\u00eau m\u1ed1c v\u00e0 c\u00e1c kh\u00ed \u0111\u1ed9c h\u1ea1i.<\/p>\r                        <a href=\"https:\/\/sancongnghiepvietnam.com\/index.php\/perminator-mang-chong-tham\/\">T\u00ecm hi\u1ec3u th\u00eam<\/a>\r                    <\/div>\r                <\/div>\r                <div class=\"col-lg-6 col-sm-12 col-xs-12 single-what-we-do clearfix\">\r                    <div class=\"img-wrap \">\r                        <img decoding=\"async\" src=\"https:\/\/sancongnghiepvietnam.com\/wp-content\/uploads\/2021\/03\/Dramix-1.jpg\" alt=\"Image\">\r                        <div class=\"overlay\">\r                            <div class=\"link\">\r                                <a href=\"https:\/\/sancongnghiepvietnam.com\/index.php\/thep-soi-dramix\/\" class=\"fa fa-link\"><\/a>\r                            <\/div>\r                        <\/div>\r                    <\/div>\r                    <div class=\"content\">\r                        <h3>Th\u00e9p S\u1ee3i DRAMIX<\/h3>\r                        <p>B\u00ea t\u00f4ng c\u1ed1t s\u1ee3i th\u00e9p Dramix ch\u1ed1ng n\u1ee9t, ti\u1ebft ki\u1ec7m th\u1eddi gian v\u00e0 chi ph\u00ed mang \u0111\u1ebfn m\u1ed9t gi\u1ea3i ph\u00e1p \u01b0u vi\u1ec7t h\u01a1n b\u00ea t\u00f4ng c\u1ed1t th\u00e9p truy\u1ec1n th\u1ed1ng.<\/p>\r                        <a href=\"https:\/\/sancongnghiepvietnam.com\/index.php\/thep-soi-dramix\/\">T\u00ecm hi\u1ec3u th\u00eam<\/a>\r                    <\/div>\r                <\/div>\r                <div class=\"col-lg-6 col-sm-12 col-xs-12 single-what-we-do clearfix content-left\">\r                    <div class=\"img-wrap \">\r                        <img decoding=\"async\" src=\"https:\/\/sancongnghiepvietnam.com\/wp-content\/uploads\/2021\/03\/San-sieu-phang.jpeg\" alt=\"Image\">\r                        <div class=\"overlay\">\r                            <div class=\"link\">\r                                <a href=\"https:\/\/sancongnghiepvietnam.com\/index.php\/san-sieu-phang\/\" class=\"fa fa-link\"><\/a>\r                            <\/div>\r                        <\/div>\r                    <\/div>\r                    <div class=\"content\">\r                        <h3>S\u00e0n Si\u00eau Ph\u1eb3ng<\/h3>\r                        <p>Chuy\u00ean x\u00e2y d\u1ef1ng s\u00e0n ph\u1eb3ng ti\u00eau chu\u1ea9n ACI117 v\u00e0 TR34 s\u1eed d\u1ee5ng m\u00e1y c\u00e1n Laser SOMERO v\u00e0 m\u00e1y xoa ALLEN.<\/p>\r                        <a href=\"https:\/\/sancongnghiepvietnam.com\/index.php\/san-sieu-phang\/\">T\u00ecm hi\u1ec3u th\u00eam<\/a>\r                    <\/div>\r                <\/div>\r                <div class=\"col-lg-6 col-sm-12 col-xs-12 single-what-we-do clearfix content-left\">\r                    <div class=\"img-wrap \">\r                        <img decoding=\"async\" src=\"https:\/\/sancongnghiepvietnam.com\/wp-content\/uploads\/2021\/03\/Ashford-2.jpg\" alt=\"Image\">\r                        <div class=\"overlay\">\r                            <div class=\"link\">\r                                <a href=\"https:\/\/sancongnghiepvietnam.com\/index.php\/ashford-formula\/\" class=\"fa fa-link\"><\/a>\r                            <\/div>\r                        <\/div>\r                    <\/div>\r                    <div class=\"content\">\r                        <h3>ASHFORD FORMULA<\/h3>\r                        <p>ASHFORD FORMULA t\u0103ng c\u1ee9ng v\u00e0 b\u1ea3o v\u1ec7 b\u00ea t\u00f4ng, \u0111\u1ed9 b\u1ec1n v\u0129nh vi\u1ec5n, b\u1ea3o h\u00e0nh v\u0129nh vi\u1ec5n.<\/p>\r                        <a href=\"https:\/\/sancongnghiepvietnam.com\/index.php\/ashford-formula\/\">T\u00ecm hi\u1ec3u th\u00eam<\/a>\r                    <\/div>\r                <\/div>\r                \r                <div class=\"clearfix\"><\/div>\r                \r            <\/div>\r            <!--Box Container End-->\r                \r        <\/div>\r    <\/section>\r  \r\n\r\n[\/vc_column][\/vc_row][vc_row][vc_column]\r\t<section class=\"our-history parallax-section text-center\"  style=\"background: rgba(0, 0, 0, 0.8)url('https:\/\/sancongnghiepvietnam.com\/wp-content\/uploads\/2021\/03\/background-1.jpg');    background-attachment: fixed;\">\r    \t<h3>T\u1eeb n\u0103m 2002<\/h3>\r        <h1>CHUY\u00caN THI C\u00d4NG S\u00c0N SI\u00caU PH\u1eb2NG THEO TI\u00caU CHU\u1ea8N ACI<\/h1>\r        <a href=\"https:\/\/sancongnghiepvietnam.com\/index.php\/about-us\/\" class=\"theme-btn full-btn\">t\u00ecm hi\u1ec3u th\u00eam<\/a>\r    <\/section>\r\n\r\r\n[\/vc_column][\/vc_row]<\/p>\n<div class=\"pvc_clear\"><\/div>\n<p class=\"pvc_stats all \" data-element-id=\"307\" style=\"\"><i class=\"pvc-stats-icon medium\" aria-hidden=\"true\"><svg xmlns=\"http:\/\/www.w3.org\/2000\/svg\" version=\"1.0\" viewBox=\"0 0 502 315\" preserveAspectRatio=\"xMidYMid meet\"><g transform=\"translate(0,332) scale(0.1,-0.1)\" fill=\"\" stroke=\"none\"><path d=\"M2394 3279 l-29 -30 -3 -207 c-2 -182 0 -211 15 -242 39 -76 157 -76 196 0 15 31 17 60 15 243 l-3 209 -33 29 c-26 23 -41 29 -80 29 -41 0 -53 -5 -78 -31z\"\/><path d=\"M3085 3251 c-45 -19 -58 -50 -96 -229 -47 -217 -49 -260 -13 -295 52 -53 146 -42 177 20 16 31 87 366 87 410 0 70 -86 122 -155 94z\"\/><path d=\"M1751 3234 c-13 -9 -29 -31 -37 -50 -12 -29 -10 -49 21 -204 19 -94 39 -189 45 -210 14 -50 54 -80 110 -80 34 0 48 6 76 34 21 21 34 44 34 59 0 14 -18 113 -40 219 -37 178 -43 195 -70 221 -36 32 -101 37 -139 11z\"\/><path d=\"M1163 3073 c-36 -7 -73 -59 -73 -102 0 -56 133 -378 171 -413 34 -32 83 -37 129 -13 70 36 67 87 -16 290 -86 209 -89 214 -129 231 -35 14 -42 15 -82 7z\"\/><path d=\"M3689 3066 c-15 -9 -33 -30 -42 -48 -48 -103 -147 -355 -147 -375 0 -98 131 -148 192 -74 13 15 57 108 97 206 80 196 84 226 37 273 -30 30 -99 39 -137 18z\"\/><path d=\"M583 2784 c-38 -19 -67 -74 -58 -113 9 -42 211 -354 242 -373 16 -10 45 -18 66 -18 51 0 107 52 107 100 0 39 -1 41 -124 234 -80 126 -108 162 -133 173 -41 17 -61 16 -100 -3z\"\/><path d=\"M4250 2784 c-14 -9 -74 -91 -133 -183 -95 -150 -107 -173 -107 -213 0 -55 33 -94 87 -104 67 -13 90 8 211 198 130 202 137 225 78 284 -27 27 -42 34 -72 34 -22 0 -50 -8 -64 -16z\"\/><path d=\"M2275 2693 c-553 -48 -1095 -270 -1585 -649 -135 -104 -459 -423 -483 -476 -23 -49 -22 -139 2 -186 73 -142 361 -457 571 -626 285 -228 642 -407 990 -497 242 -63 336 -73 660 -74 310 0 370 5 595 52 535 111 1045 392 1455 803 122 121 250 273 275 326 19 41 19 137 0 174 -41 79 -309 363 -465 492 -447 370 -946 591 -1479 653 -113 14 -422 18 -536 8z m395 -428 c171 -34 330 -124 456 -258 112 -119 167 -219 211 -378 27 -96 24 -300 -5 -401 -72 -255 -236 -447 -474 -557 -132 -62 -201 -76 -368 -76 -167 0 -236 14 -368 76 -213 98 -373 271 -451 485 -162 444 86 934 547 1084 153 49 292 57 452 25z m909 -232 c222 -123 408 -262 593 -441 76 -74 138 -139 138 -144 0 -16 -233 -242 -330 -319 -155 -123 -309 -223 -461 -299 l-81 -41 32 46 c18 26 49 83 70 128 143 306 141 649 -6 957 -25 52 -61 116 -79 142 l-34 47 45 -20 c26 -10 76 -36 113 -56z m-2057 25 c-40 -58 -105 -190 -130 -263 -110 -324 -59 -707 132 -981 25 -35 42 -64 37 -64 -19 0 -241 119 -326 174 -188 122 -406 314 -532 468 l-58 71 108 103 c185 178 428 349 672 473 66 33 121 60 123 61 2 0 -10 -19 -26 -42z\"\/><path d=\"M2375 1950 c-198 -44 -350 -190 -395 -379 -18 -76 -8 -221 19 -290 114 -284 457 -406 731 -260 98 52 188 154 231 260 27 69 37 214 19 290 -38 163 -166 304 -326 360 -67 23 -215 33 -279 19z\"\/><\/g><\/svg><\/i> &nbsp;13,611&nbsp;total views, &nbsp;27&nbsp;views today<\/p>\n<div class=\"pvc_clear\"><\/div>\n","protected":false},"excerpt":{"rendered":"<p>[vc_row][vc_column width=&#8221;1\/4&#8243;][\/vc_column][vc_column width=&#8221;1\/2&#8243;][vc_message icon_fontawesome=&#8221;fa fa-book&#8221;] Download Formula Brochure [\/vc_message][\/vc_column][vc_column width=&#8221;1\/4&#8243;][\/vc_column][\/vc_row][vc_row][vc_column width=&#8221;1\/4&#8243;][\/vc_column][vc_column width=&#8221;1\/2&#8243;][vc_message icon_fontawesome=&#8221;fa fa-book&#8221;] Download Ti\u00eau Chu\u1ea9n S\u00e0n Si\u00eau Ph\u1eb3ng [\/vc_message][\/vc_column][vc_column width=&#8221;1\/4&#8243;][\/vc_column][\/vc_row][vc_row][vc_column][rev_slider_vc alias=&#8221;builder_slider&#8221;][vc_video link=&#8221;https:\/\/rumble.com\/v5moyi2-superflat-floor-construction-company.html&#8221; el_width=&#8221;70&#8243; align=&#8221;center&#8221;][vc_empty_space][\/vc_column][\/vc_row][vc_row][vc_column][\/vc_column][\/vc_row][vc_row][vc_column][\/vc_column][\/vc_row]<\/p>\n","protected":false},"author":1,"featured_media":0,"parent":0,"menu_order":0,"comment_status":"open","ping_status":"closed","template":"tpl-visual_composer.php","meta":{"footnotes":""},"class_list":["post-307","page","type-page","status-publish","hentry"],"yoast_head":"<!-- This site is optimized with the Yoast SEO plugin v16.1.1 - https:\/\/yoast.com\/wordpress\/plugins\/seo\/ -->\n<title>S\u00c0N SI\u00caU PH\u1eb2NG - TH\u00c9P S\u1ee2I DRAMIX - S\u00c0N SI\u00caU PH\u1eb2NG FORMULA<\/title>\n<meta name=\"description\" content=\"CHUY\u00caN THI C\u00d4NG S\u00c0N SI\u00caU PH\u1eb2NG THEO TI\u00caU CHU\u1ea8N ACIMR. \u0110O\u00c0N 0906 601 601THI C\u00d4NG TR\u00caN TO\u00c0N QU\u1ed0CCHUY\u00caN TH\u00c9P S\u1ee2I DRAMIX 4D\" \/>\n<link rel=\"canonical\" href=\"https:\/\/sancongnghiepvietnam.com\/\" \/>\n<meta property=\"og:locale\" content=\"en_US\" \/>\n<meta property=\"og:type\" content=\"article\" \/>\n<meta property=\"og:title\" content=\"S\u00c0N SI\u00caU PH\u1eb2NG - TH\u00c9P S\u1ee2I DRAMIX - S\u00c0N SI\u00caU PH\u1eb2NG FORMULA\" \/>\n<meta property=\"og:description\" content=\"CHUY\u00caN THI C\u00d4NG S\u00c0N SI\u00caU PH\u1eb2NG THEO TI\u00caU CHU\u1ea8N ACIMR. \u0110O\u00c0N 0906 601 601THI C\u00d4NG TR\u00caN TO\u00c0N QU\u1ed0CCHUY\u00caN TH\u00c9P S\u1ee2I DRAMIX 4D\" \/>\n<meta property=\"og:url\" content=\"https:\/\/sancongnghiepvietnam.com\/\" \/>\n<meta property=\"og:site_name\" content=\"S\u00c0N SI\u00caU PH\u1eb2NG FORMULA\" \/>\n<meta property=\"article:modified_time\" content=\"2024-12-19T06:45:46+00:00\" \/>\n<meta name=\"twitter:card\" content=\"summary_large_image\" \/>\n<meta name=\"twitter:label1\" content=\"Est. reading time\">\n\t<meta name=\"twitter:data1\" content=\"1 minute\">\n<script type=\"application\/ld+json\" class=\"yoast-schema-graph\">{\"@context\":\"https:\/\/schema.org\",\"@graph\":[{\"@type\":\"WebSite\",\"@id\":\"https:\/\/sancongnghiepvietnam.com\/#website\",\"url\":\"https:\/\/sancongnghiepvietnam.com\/\",\"name\":\"S\\u00c0N SI\\u00caU PH\\u1eb2NG FORMULA\",\"description\":\"TH\\u00c9P S\\u1ee2I DRAMIX\",\"potentialAction\":[{\"@type\":\"SearchAction\",\"target\":\"https:\/\/sancongnghiepvietnam.com\/?s={search_term_string}\",\"query-input\":\"required name=search_term_string\"}],\"inLanguage\":\"en-US\"},{\"@type\":\"WebPage\",\"@id\":\"https:\/\/sancongnghiepvietnam.com\/#webpage\",\"url\":\"https:\/\/sancongnghiepvietnam.com\/\",\"name\":\"S\\u00c0N SI\\u00caU PH\\u1eb2NG - TH\\u00c9P S\\u1ee2I DRAMIX - S\\u00c0N SI\\u00caU PH\\u1eb2NG FORMULA\",\"isPartOf\":{\"@id\":\"https:\/\/sancongnghiepvietnam.com\/#website\"},\"datePublished\":\"2016-06-08T17:09:17+00:00\",\"dateModified\":\"2024-12-19T06:45:46+00:00\",\"description\":\"CHUY\\u00caN THI C\\u00d4NG S\\u00c0N SI\\u00caU PH\\u1eb2NG THEO TI\\u00caU CHU\\u1ea8N ACIMR. \\u0110O\\u00c0N 0906 601 601THI C\\u00d4NG TR\\u00caN TO\\u00c0N QU\\u1ed0CCHUY\\u00caN TH\\u00c9P S\\u1ee2I DRAMIX 4D\",\"breadcrumb\":{\"@id\":\"https:\/\/sancongnghiepvietnam.com\/#breadcrumb\"},\"inLanguage\":\"en-US\",\"potentialAction\":[{\"@type\":\"ReadAction\",\"target\":[\"https:\/\/sancongnghiepvietnam.com\/\"]}]},{\"@type\":\"BreadcrumbList\",\"@id\":\"https:\/\/sancongnghiepvietnam.com\/#breadcrumb\",\"itemListElement\":[{\"@type\":\"ListItem\",\"position\":1,\"item\":{\"@type\":\"WebPage\",\"@id\":\"https:\/\/sancongnghiepvietnam.com\/\",\"url\":\"https:\/\/sancongnghiepvietnam.com\/\",\"name\":\"Home\"}},{\"@type\":\"ListItem\",\"position\":2,\"item\":{\"@type\":\"WebPage\",\"@id\":\"https:\/\/sancongnghiepvietnam.com\/\",\"url\":\"https:\/\/sancongnghiepvietnam.com\/\",\"name\":\"S\\u00c0N SI\\u00caU PH\\u1eb2NG &#8211; TH\\u00c9P S\\u1ee2I DRAMIX\"}}]}]}<\/script>\n<!-- \/ Yoast SEO plugin. -->","_links":{"self":[{"href":"https:\/\/sancongnghiepvietnam.com\/index.php\/wp-json\/wp\/v2\/pages\/307","targetHints":{"allow":["GET"]}}],"collection":[{"href":"https:\/\/sancongnghiepvietnam.com\/index.php\/wp-json\/wp\/v2\/pages"}],"about":[{"href":"https:\/\/sancongnghiepvietnam.com\/index.php\/wp-json\/wp\/v2\/types\/page"}],"author":[{"embeddable":true,"href":"https:\/\/sancongnghiepvietnam.com\/index.php\/wp-json\/wp\/v2\/users\/1"}],"replies":[{"embeddable":true,"href":"https:\/\/sancongnghiepvietnam.com\/index.php\/wp-json\/wp\/v2\/comments?post=307"}],"version-history":[{"count":31,"href":"https:\/\/sancongnghiepvietnam.com\/index.php\/wp-json\/wp\/v2\/pages\/307\/revisions"}],"predecessor-version":[{"id":600,"href":"https:\/\/sancongnghiepvietnam.com\/index.php\/wp-json\/wp\/v2\/pages\/307\/revisions\/600"}],"wp:attachment":[{"href":"https:\/\/sancongnghiepvietnam.com\/index.php\/wp-json\/wp\/v2\/media?parent=307"}],"curies":[{"name":"wp","href":"https:\/\/api.w.org\/{rel}","templated":true}]}}