{"id":183,"date":"2016-06-09T12:31:29","date_gmt":"2016-06-09T12:31:29","guid":{"rendered":"http:\/\/wp1.themexlab.com\/m3\/builder\/?page_id=183"},"modified":"2021-12-23T07:43:08","modified_gmt":"2021-12-23T07:43:08","slug":"perminator-mang-chong-tham","status":"publish","type":"page","link":"https:\/\/sancongnghiepvietnam.com\/index.php\/perminator-mang-chong-tham\/","title":{"rendered":"PERMINATOR &#8211; M\u00e0ng Ch\u1ed1ng Th\u1ea5m"},"content":{"rendered":"<p>[vc_row container=&#8221;1&#8243; css=&#8221;.vc_custom_1465474475846{margin-top: 100px !important;}&#8221;][vc_column width=&#8221;3\/12&#8243;][\/vc_column][vc_column width=&#8221;9\/12&#8243;]\r\n    <!--Services-->\r<section class=\"services clearfix\">\r\t<div class=\"service-posts clearfix\">\r\t\r\t\t<!--Service Post-->\r\t\t<article class=\"service-post col-md-12 col-sm-12 col-xs-12\">\r\t\t\t<div class=\"post-inner anim-5-all\">\r\t\t\t\t<figure class=\"image\">\r\t\t\t\t\t<img decoding=\"async\" src=\"https:\/\/sancongnghiepvietnam.com\/wp-content\/uploads\/2021\/03\/WR.-MEADOWS-PERMINATOR-32-Copy.jpg\" alt=\"Image\" title=\"Title\">\r\t\t\t\t\t<div class=\"overlay anim-5-all\"><div class=\"link-icon\"><a href=\"https:\/\/sancongnghiepvietnam.com\/wp-content\/uploads\/2021\/03\/Perminator-sheet.pdf\" class=\"fa fa-link\"><\/a><\/div><\/div>\r\t\t\t\t<\/figure>\r\t\t\t\t<div class=\"content\">\r\t\t\t\t\t<h3><a href=\"https:\/\/sancongnghiepvietnam.com\/wp-content\/uploads\/2021\/03\/Perminator-sheet.pdf\">PERMINATOR - M\u00e0ng Ch\u1ed1ng Th\u1ea5m Ch\u1ed1ng \u1ea8m Cho S\u00e0n B\u00ea T\u00f4ng<\/a><\/h3>\r\t\t\t\t\t<div class=\"description\"><p>S\u1eed d\u1ee5ng m\u00e0ng ch\u1ed1ng \u1ea9m v\u00e0 ch\u1ed1ng th\u1ea5m PERMINATOR d\u00e0y 10mm d\u01b0\u1edbi s\u00e0n nh\u1eb1m b\u1ea3o v\u1ec7 s\u00e0n kh\u1ecfi \u1ea9m, r\u00eau m\u1ed1c v\u00e0 c\u00e1c kh\u00ed \u0111\u1ed9c h\u1ea1i. \u0110\u00e2y l\u00e0 ki\u1ebfn ngh\u1ecb t\u1eeb ti\u00eau chu\u1ea9n ACI 302.2R.<br \/>\n- Thi C\u00f4ng Nhanh<br \/>\n- Ch\u1ed1ng th\u1ee7ng cao<br \/>\n- Thay th\u1ebf cho b\u00ea t\u00f4ng l\u00f3t<br \/>\n- S\u1ea3n xu\u1ea5t t\u1ea1i M\u1ef9<\/p><\/div>\r\t\t\t\t\t\t\t\t\t\t<div class=\"more\"><a href=\"https:\/\/sancongnghiepvietnam.com\/wp-content\/uploads\/2021\/03\/Perminator-sheet.pdf\">DOWNLOAD BROCHURE<\/a><\/div>\r\t\t\t\t\t\t\t\t\t<\/div>\r\t\t\t<\/div>\r\t\t<\/article>\r\t\t\r\t<\/div>\r\t<!--Service Posts End-->\r\r<\/section>\r<!--Services End-->\r\n[vc_video link=&#8221;https:\/\/www.youtube.com\/watch?v=EedNChOh5Cw&#8221; title=&#8221;VIDEO PERMINATOR&#8221;][vc_empty_space][\/vc_column][\/vc_row]<\/p>\n","protected":false},"excerpt":{"rendered":"<p>[vc_row container=&#8221;1&#8243; css=&#8221;.vc_custom_1465474475846{margin-top: 100px !important;}&#8221;][vc_column width=&#8221;3\/12&#8243;][\/vc_column][vc_column width=&#8221;9\/12&#8243;][vc_video link=&#8221;https:\/\/www.youtube.com\/watch?v=EedNChOh5Cw&#8221; title=&#8221;VIDEO PERMINATOR&#8221;][vc_empty_space][\/vc_column][\/vc_row]<\/p>\n","protected":false},"author":1,"featured_media":0,"parent":0,"menu_order":0,"comment_status":"open","ping_status":"closed","template":"tpl-visual_composer.php","meta":{"footnotes":""},"class_list":["post-183","page","type-page","status-publish","hentry"],"yoast_head":"<!-- This site is optimized with the Yoast SEO plugin v16.1.1 - https:\/\/yoast.com\/wordpress\/plugins\/seo\/ -->\n<title>PERMINATOR - M\u00e0ng Ch\u1ed1ng Th\u1ea5m - S\u00c0N SI\u00caU PH\u1eb2NG FORMULA<\/title>\n<link rel=\"canonical\" href=\"https:\/\/sancongnghiepvietnam.com\/index.php\/perminator-mang-chong-tham\/\" \/>\n<meta property=\"og:locale\" content=\"en_US\" \/>\n<meta property=\"og:type\" content=\"article\" \/>\n<meta property=\"og:title\" content=\"PERMINATOR - M\u00e0ng Ch\u1ed1ng Th\u1ea5m - S\u00c0N SI\u00caU PH\u1eb2NG FORMULA\" \/>\n<meta property=\"og:description\" content=\"[vc_row container=&#8221;1&#8243; css=&#8221;.vc_custom_1465474475846{margin-top: 100px !important;}&#8221;][vc_column width=&#8221;3\/12&#8243;][\/vc_column][vc_column width=&#8221;9\/12&#8243;][vc_video link=&#8221;https:\/\/www.youtube.com\/watch?v=EedNChOh5Cw&#8221; title=&#8221;VIDEO PERMINATOR&#8221;][vc_empty_space][\/vc_column][\/vc_row]\" \/>\n<meta property=\"og:url\" content=\"https:\/\/sancongnghiepvietnam.com\/index.php\/perminator-mang-chong-tham\/\" \/>\n<meta property=\"og:site_name\" content=\"S\u00c0N SI\u00caU PH\u1eb2NG FORMULA\" \/>\n<meta property=\"article:modified_time\" content=\"2021-12-23T07:43:08+00:00\" \/>\n<meta name=\"twitter:card\" content=\"summary_large_image\" \/>\n<meta name=\"twitter:label1\" content=\"Est. reading time\">\n\t<meta name=\"twitter:data1\" content=\"1 minute\">\n<script type=\"application\/ld+json\" class=\"yoast-schema-graph\">{\"@context\":\"https:\/\/schema.org\",\"@graph\":[{\"@type\":\"WebSite\",\"@id\":\"https:\/\/sancongnghiepvietnam.com\/#website\",\"url\":\"https:\/\/sancongnghiepvietnam.com\/\",\"name\":\"S\\u00c0N SI\\u00caU PH\\u1eb2NG FORMULA\",\"description\":\"TH\\u00c9P S\\u1ee2I DRAMIX\",\"potentialAction\":[{\"@type\":\"SearchAction\",\"target\":\"https:\/\/sancongnghiepvietnam.com\/?s={search_term_string}\",\"query-input\":\"required name=search_term_string\"}],\"inLanguage\":\"en-US\"},{\"@type\":\"WebPage\",\"@id\":\"https:\/\/sancongnghiepvietnam.com\/index.php\/perminator-mang-chong-tham\/#webpage\",\"url\":\"https:\/\/sancongnghiepvietnam.com\/index.php\/perminator-mang-chong-tham\/\",\"name\":\"PERMINATOR - M\\u00e0ng Ch\\u1ed1ng Th\\u1ea5m - S\\u00c0N SI\\u00caU PH\\u1eb2NG FORMULA\",\"isPartOf\":{\"@id\":\"https:\/\/sancongnghiepvietnam.com\/#website\"},\"datePublished\":\"2016-06-09T12:31:29+00:00\",\"dateModified\":\"2021-12-23T07:43:08+00:00\",\"breadcrumb\":{\"@id\":\"https:\/\/sancongnghiepvietnam.com\/index.php\/perminator-mang-chong-tham\/#breadcrumb\"},\"inLanguage\":\"en-US\",\"potentialAction\":[{\"@type\":\"ReadAction\",\"target\":[\"https:\/\/sancongnghiepvietnam.com\/index.php\/perminator-mang-chong-tham\/\"]}]},{\"@type\":\"BreadcrumbList\",\"@id\":\"https:\/\/sancongnghiepvietnam.com\/index.php\/perminator-mang-chong-tham\/#breadcrumb\",\"itemListElement\":[{\"@type\":\"ListItem\",\"position\":1,\"item\":{\"@type\":\"WebPage\",\"@id\":\"https:\/\/sancongnghiepvietnam.com\/\",\"url\":\"https:\/\/sancongnghiepvietnam.com\/\",\"name\":\"Home\"}},{\"@type\":\"ListItem\",\"position\":2,\"item\":{\"@type\":\"WebPage\",\"@id\":\"https:\/\/sancongnghiepvietnam.com\/index.php\/perminator-mang-chong-tham\/\",\"url\":\"https:\/\/sancongnghiepvietnam.com\/index.php\/perminator-mang-chong-tham\/\",\"name\":\"PERMINATOR &#8211; M\\u00e0ng Ch\\u1ed1ng Th\\u1ea5m\"}}]}]}<\/script>\n<!-- \/ Yoast SEO plugin. -->","_links":{"self":[{"href":"https:\/\/sancongnghiepvietnam.com\/index.php\/wp-json\/wp\/v2\/pages\/183","targetHints":{"allow":["GET"]}}],"collection":[{"href":"https:\/\/sancongnghiepvietnam.com\/index.php\/wp-json\/wp\/v2\/pages"}],"about":[{"href":"https:\/\/sancongnghiepvietnam.com\/index.php\/wp-json\/wp\/v2\/types\/page"}],"author":[{"embeddable":true,"href":"https:\/\/sancongnghiepvietnam.com\/index.php\/wp-json\/wp\/v2\/users\/1"}],"replies":[{"embeddable":true,"href":"https:\/\/sancongnghiepvietnam.com\/index.php\/wp-json\/wp\/v2\/comments?post=183"}],"version-history":[{"count":9,"href":"https:\/\/sancongnghiepvietnam.com\/index.php\/wp-json\/wp\/v2\/pages\/183\/revisions"}],"predecessor-version":[{"id":583,"href":"https:\/\/sancongnghiepvietnam.com\/index.php\/wp-json\/wp\/v2\/pages\/183\/revisions\/583"}],"wp:attachment":[{"href":"https:\/\/sancongnghiepvietnam.com\/index.php\/wp-json\/wp\/v2\/media?parent=183"}],"curies":[{"name":"wp","href":"https:\/\/api.w.org\/{rel}","templated":true}]}}