{"id":150,"date":"2016-06-09T12:10:12","date_gmt":"2016-06-09T12:10:12","guid":{"rendered":"http:\/\/wp1.themexlab.com\/m3\/builder\/?page_id=150"},"modified":"2021-03-25T09:10:42","modified_gmt":"2021-03-25T09:10:42","slug":"kiem-tra-do-phang","status":"publish","type":"page","link":"https:\/\/sancongnghiepvietnam.com\/index.php\/kiem-tra-do-phang\/","title":{"rendered":"KI\u1ec2M TRA \u0110\u1ed8 PH\u1eb2NG"},"content":{"rendered":"<p>[vc_row container=&#8221;1&#8243; css=&#8221;.vc_custom_1465474475846{margin-top: 100px !important;}&#8221;][vc_column width=&#8221;3\/12&#8243;][\/vc_column][vc_column width=&#8221;9\/12&#8243;]\r\n    <!--Services-->\r<section class=\"services clearfix\">\r\t<div class=\"service-posts clearfix\">\r\t\r\t\t<!--Service Post-->\r\t\t<article class=\"service-post col-md-12 col-sm-12 col-xs-12\">\r\t\t\t<div class=\"post-inner anim-5-all\">\r\t\t\t\t<figure class=\"image\">\r\t\t\t\t\t<img decoding=\"async\" src=\"https:\/\/sancongnghiepvietnam.com\/wp-content\/uploads\/2021\/03\/Measuring-a-Floor-01b-Copy-1.png\" alt=\"Image\" title=\"Title\">\r\t\t\t\t\t<div class=\"overlay anim-5-all\"><div class=\"link-icon\"><a href=\"\" class=\"fa fa-link\"><\/a><\/div><\/div>\r\t\t\t\t<\/figure>\r\t\t\t\t<div class=\"content\">\r\t\t\t\t\t<h3><a href=\"\">FORMULA C\u00f3 Ch\u1ee9ng Ch\u1ec9 \u0110o S\u00e0n \u0110\u01b0\u1ee3c C\u00f4ng Nh\u1eadn Tr\u00ean To\u00e0n Th\u1ebf Gi\u1edbi<\/a><\/h3>\r\t\t\t\t\t<div class=\"description\"><p>- K\u1ef9 s\u01b0 c\u00f4ng ty \u0111\u01b0\u1ee3c \u0111\u00e0o t\u1ea1o b\u1edfi chuy\u00ean gia c\u1ee7a FACE USA<br \/>\n- \u0110o \u0111\u1ed9 ph\u1eb3ng m\u1eb7t s\u00e0n theo ti\u00eau chu\u1ea9n ACI (ASTM E1155), TR34, DIN, BS8204<br \/>\n- T\u01b0 v\u1ea5n \u0111\u1ed9 b\u1eb1ng ph\u1eb3ng m\u1eb7t s\u00e0n b\u00ea t\u00f4ng<\/p><\/div>\r\t\t\t\t\t\t\t\t\t<\/div>\r\t\t\t<\/div>\r\t\t<\/article>\r\t\t\r\t<\/div>\r\t<!--Service Posts End-->\r\r<\/section>\r<!--Services End-->\r\n[vc_video link=&#8221;https:\/\/www.youtube.com\/watch?v=srQtJAe-RL8&#8243; title=&#8221;Ki\u1ec3m tra \u0111\u1ed9 b\u1eb1ng ph\u1eb3ng m\u1eb7t s\u00e0n theo ti\u00eau chu\u1ea9n ASTM E1155 (F-Numbers)&#8221;][vc_empty_space][\/vc_column][\/vc_row]<\/p>\n<div class=\"pvc_clear\"><\/div>\n<p class=\"pvc_stats all \" data-element-id=\"150\" style=\"\"><i class=\"pvc-stats-icon medium\" aria-hidden=\"true\"><svg xmlns=\"http:\/\/www.w3.org\/2000\/svg\" version=\"1.0\" viewBox=\"0 0 502 315\" preserveAspectRatio=\"xMidYMid meet\"><g transform=\"translate(0,332) scale(0.1,-0.1)\" fill=\"\" stroke=\"none\"><path d=\"M2394 3279 l-29 -30 -3 -207 c-2 -182 0 -211 15 -242 39 -76 157 -76 196 0 15 31 17 60 15 243 l-3 209 -33 29 c-26 23 -41 29 -80 29 -41 0 -53 -5 -78 -31z\"\/><path d=\"M3085 3251 c-45 -19 -58 -50 -96 -229 -47 -217 -49 -260 -13 -295 52 -53 146 -42 177 20 16 31 87 366 87 410 0 70 -86 122 -155 94z\"\/><path d=\"M1751 3234 c-13 -9 -29 -31 -37 -50 -12 -29 -10 -49 21 -204 19 -94 39 -189 45 -210 14 -50 54 -80 110 -80 34 0 48 6 76 34 21 21 34 44 34 59 0 14 -18 113 -40 219 -37 178 -43 195 -70 221 -36 32 -101 37 -139 11z\"\/><path d=\"M1163 3073 c-36 -7 -73 -59 -73 -102 0 -56 133 -378 171 -413 34 -32 83 -37 129 -13 70 36 67 87 -16 290 -86 209 -89 214 -129 231 -35 14 -42 15 -82 7z\"\/><path d=\"M3689 3066 c-15 -9 -33 -30 -42 -48 -48 -103 -147 -355 -147 -375 0 -98 131 -148 192 -74 13 15 57 108 97 206 80 196 84 226 37 273 -30 30 -99 39 -137 18z\"\/><path d=\"M583 2784 c-38 -19 -67 -74 -58 -113 9 -42 211 -354 242 -373 16 -10 45 -18 66 -18 51 0 107 52 107 100 0 39 -1 41 -124 234 -80 126 -108 162 -133 173 -41 17 -61 16 -100 -3z\"\/><path d=\"M4250 2784 c-14 -9 -74 -91 -133 -183 -95 -150 -107 -173 -107 -213 0 -55 33 -94 87 -104 67 -13 90 8 211 198 130 202 137 225 78 284 -27 27 -42 34 -72 34 -22 0 -50 -8 -64 -16z\"\/><path d=\"M2275 2693 c-553 -48 -1095 -270 -1585 -649 -135 -104 -459 -423 -483 -476 -23 -49 -22 -139 2 -186 73 -142 361 -457 571 -626 285 -228 642 -407 990 -497 242 -63 336 -73 660 -74 310 0 370 5 595 52 535 111 1045 392 1455 803 122 121 250 273 275 326 19 41 19 137 0 174 -41 79 -309 363 -465 492 -447 370 -946 591 -1479 653 -113 14 -422 18 -536 8z m395 -428 c171 -34 330 -124 456 -258 112 -119 167 -219 211 -378 27 -96 24 -300 -5 -401 -72 -255 -236 -447 -474 -557 -132 -62 -201 -76 -368 -76 -167 0 -236 14 -368 76 -213 98 -373 271 -451 485 -162 444 86 934 547 1084 153 49 292 57 452 25z m909 -232 c222 -123 408 -262 593 -441 76 -74 138 -139 138 -144 0 -16 -233 -242 -330 -319 -155 -123 -309 -223 -461 -299 l-81 -41 32 46 c18 26 49 83 70 128 143 306 141 649 -6 957 -25 52 -61 116 -79 142 l-34 47 45 -20 c26 -10 76 -36 113 -56z m-2057 25 c-40 -58 -105 -190 -130 -263 -110 -324 -59 -707 132 -981 25 -35 42 -64 37 -64 -19 0 -241 119 -326 174 -188 122 -406 314 -532 468 l-58 71 108 103 c185 178 428 349 672 473 66 33 121 60 123 61 2 0 -10 -19 -26 -42z\"\/><path d=\"M2375 1950 c-198 -44 -350 -190 -395 -379 -18 -76 -8 -221 19 -290 114 -284 457 -406 731 -260 98 52 188 154 231 260 27 69 37 214 19 290 -38 163 -166 304 -326 360 -67 23 -215 33 -279 19z\"\/><\/g><\/svg><\/i> &nbsp;9,514&nbsp;total views, &nbsp;36&nbsp;views today<\/p>\n<div class=\"pvc_clear\"><\/div>\n","protected":false},"excerpt":{"rendered":"<p>[vc_row container=&#8221;1&#8243; css=&#8221;.vc_custom_1465474475846{margin-top: 100px !important;}&#8221;][vc_column width=&#8221;3\/12&#8243;][\/vc_column][vc_column width=&#8221;9\/12&#8243;][vc_video link=&#8221;https:\/\/www.youtube.com\/watch?v=srQtJAe-RL8&#8243; title=&#8221;Ki\u1ec3m tra \u0111\u1ed9 b\u1eb1ng ph\u1eb3ng m\u1eb7t s\u00e0n theo ti\u00eau chu\u1ea9n ASTM E1155 (F-Numbers)&#8221;][vc_empty_space][\/vc_column][\/vc_row] &nbsp;9,514&nbsp;total views, &nbsp;36&nbsp;views today<\/p>\n<div class=\"pvc_clear\"><\/div>\n<p class=\"pvc_stats all \" data-element-id=\"150\" style=\"\"><i class=\"pvc-stats-icon medium\" aria-hidden=\"true\"><svg xmlns=\"http:\/\/www.w3.org\/2000\/svg\" version=\"1.0\" viewBox=\"0 0 502 315\" preserveAspectRatio=\"xMidYMid meet\"><g transform=\"translate(0,332) scale(0.1,-0.1)\" fill=\"\" stroke=\"none\"><path d=\"M2394 3279 l-29 -30 -3 -207 c-2 -182 0 -211 15 -242 39 -76 157 -76 196 0 15 31 17 60 15 243 l-3 209 -33 29 c-26 23 -41 29 -80 29 -41 0 -53 -5 -78 -31z\"\/><path d=\"M3085 3251 c-45 -19 -58 -50 -96 -229 -47 -217 -49 -260 -13 -295 52 -53 146 -42 177 20 16 31 87 366 87 410 0 70 -86 122 -155 94z\"\/><path d=\"M1751 3234 c-13 -9 -29 -31 -37 -50 -12 -29 -10 -49 21 -204 19 -94 39 -189 45 -210 14 -50 54 -80 110 -80 34 0 48 6 76 34 21 21 34 44 34 59 0 14 -18 113 -40 219 -37 178 -43 195 -70 221 -36 32 -101 37 -139 11z\"\/><path d=\"M1163 3073 c-36 -7 -73 -59 -73 -102 0 -56 133 -378 171 -413 34 -32 83 -37 129 -13 70 36 67 87 -16 290 -86 209 -89 214 -129 231 -35 14 -42 15 -82 7z\"\/><path d=\"M3689 3066 c-15 -9 -33 -30 -42 -48 -48 -103 -147 -355 -147 -375 0 -98 131 -148 192 -74 13 15 57 108 97 206 80 196 84 226 37 273 -30 30 -99 39 -137 18z\"\/><path d=\"M583 2784 c-38 -19 -67 -74 -58 -113 9 -42 211 -354 242 -373 16 -10 45 -18 66 -18 51 0 107 52 107 100 0 39 -1 41 -124 234 -80 126 -108 162 -133 173 -41 17 -61 16 -100 -3z\"\/><path d=\"M4250 2784 c-14 -9 -74 -91 -133 -183 -95 -150 -107 -173 -107 -213 0 -55 33 -94 87 -104 67 -13 90 8 211 198 130 202 137 225 78 284 -27 27 -42 34 -72 34 -22 0 -50 -8 -64 -16z\"\/><path d=\"M2275 2693 c-553 -48 -1095 -270 -1585 -649 -135 -104 -459 -423 -483 -476 -23 -49 -22 -139 2 -186 73 -142 361 -457 571 -626 285 -228 642 -407 990 -497 242 -63 336 -73 660 -74 310 0 370 5 595 52 535 111 1045 392 1455 803 122 121 250 273 275 326 19 41 19 137 0 174 -41 79 -309 363 -465 492 -447 370 -946 591 -1479 653 -113 14 -422 18 -536 8z m395 -428 c171 -34 330 -124 456 -258 112 -119 167 -219 211 -378 27 -96 24 -300 -5 -401 -72 -255 -236 -447 -474 -557 -132 -62 -201 -76 -368 -76 -167 0 -236 14 -368 76 -213 98 -373 271 -451 485 -162 444 86 934 547 1084 153 49 292 57 452 25z m909 -232 c222 -123 408 -262 593 -441 76 -74 138 -139 138 -144 0 -16 -233 -242 -330 -319 -155 -123 -309 -223 -461 -299 l-81 -41 32 46 c18 26 49 83 70 128 143 306 141 649 -6 957 -25 52 -61 116 -79 142 l-34 47 45 -20 c26 -10 76 -36 113 -56z m-2057 25 c-40 -58 -105 -190 -130 -263 -110 -324 -59 -707 132 -981 25 -35 42 -64 37 -64 -19 0 -241 119 -326 174 -188 122 -406 314 -532 468 l-58 71 108 103 c185 178 428 349 672 473 66 33 121 60 123 61 2 0 -10 -19 -26 -42z\"\/><path d=\"M2375 1950 c-198 -44 -350 -190 -395 -379 -18 -76 -8 -221 19 -290 114 -284 457 -406 731 -260 98 52 188 154 231 260 27 69 37 214 19 290 -38 163 -166 304 -326 360 -67 23 -215 33 -279 19z\"\/><\/g><\/svg><\/i> &nbsp;9,514&nbsp;total views, &nbsp;36&nbsp;views today<\/p>\n<div class=\"pvc_clear\"><\/div>\n","protected":false},"author":1,"featured_media":0,"parent":0,"menu_order":0,"comment_status":"open","ping_status":"closed","template":"tpl-visual_composer.php","meta":{"footnotes":""},"class_list":["post-150","page","type-page","status-publish","hentry"],"yoast_head":"<!-- This site is optimized with the Yoast SEO plugin v16.1.1 - https:\/\/yoast.com\/wordpress\/plugins\/seo\/ -->\n<title>KI\u1ec2M TRA \u0110\u1ed8 PH\u1eb2NG - S\u00c0N SI\u00caU PH\u1eb2NG FORMULA<\/title>\n<link rel=\"canonical\" href=\"https:\/\/sancongnghiepvietnam.com\/index.php\/kiem-tra-do-phang\/\" \/>\n<meta property=\"og:locale\" content=\"en_US\" \/>\n<meta property=\"og:type\" content=\"article\" \/>\n<meta property=\"og:title\" content=\"KI\u1ec2M TRA \u0110\u1ed8 PH\u1eb2NG - S\u00c0N SI\u00caU PH\u1eb2NG FORMULA\" \/>\n<meta property=\"og:description\" content=\"[vc_row container=&#8221;1&#8243; css=&#8221;.vc_custom_1465474475846{margin-top: 100px !important;}&#8221;][vc_column width=&#8221;3\/12&#8243;][\/vc_column][vc_column width=&#8221;9\/12&#8243;][vc_video link=&#8221;https:\/\/www.youtube.com\/watch?v=srQtJAe-RL8&#8243; title=&#8221;Ki\u1ec3m tra \u0111\u1ed9 b\u1eb1ng ph\u1eb3ng m\u1eb7t s\u00e0n theo ti\u00eau chu\u1ea9n ASTM E1155 (F-Numbers)&#8221;][vc_empty_space][\/vc_column][\/vc_row] &nbsp;9,514&nbsp;total views, &nbsp;36&nbsp;views today\" \/>\n<meta property=\"og:url\" content=\"https:\/\/sancongnghiepvietnam.com\/index.php\/kiem-tra-do-phang\/\" \/>\n<meta property=\"og:site_name\" content=\"S\u00c0N SI\u00caU PH\u1eb2NG FORMULA\" \/>\n<meta property=\"article:modified_time\" content=\"2021-03-25T09:10:42+00:00\" \/>\n<meta name=\"twitter:card\" content=\"summary_large_image\" \/>\n<meta name=\"twitter:label1\" content=\"Est. reading time\">\n\t<meta name=\"twitter:data1\" content=\"1 minute\">\n<script type=\"application\/ld+json\" class=\"yoast-schema-graph\">{\"@context\":\"https:\/\/schema.org\",\"@graph\":[{\"@type\":\"WebSite\",\"@id\":\"https:\/\/sancongnghiepvietnam.com\/#website\",\"url\":\"https:\/\/sancongnghiepvietnam.com\/\",\"name\":\"S\\u00c0N SI\\u00caU PH\\u1eb2NG FORMULA\",\"description\":\"TH\\u00c9P S\\u1ee2I DRAMIX\",\"potentialAction\":[{\"@type\":\"SearchAction\",\"target\":\"https:\/\/sancongnghiepvietnam.com\/?s={search_term_string}\",\"query-input\":\"required name=search_term_string\"}],\"inLanguage\":\"en-US\"},{\"@type\":\"WebPage\",\"@id\":\"https:\/\/sancongnghiepvietnam.com\/index.php\/kiem-tra-do-phang\/#webpage\",\"url\":\"https:\/\/sancongnghiepvietnam.com\/index.php\/kiem-tra-do-phang\/\",\"name\":\"KI\\u1ec2M TRA \\u0110\\u1ed8 PH\\u1eb2NG - S\\u00c0N SI\\u00caU PH\\u1eb2NG FORMULA\",\"isPartOf\":{\"@id\":\"https:\/\/sancongnghiepvietnam.com\/#website\"},\"datePublished\":\"2016-06-09T12:10:12+00:00\",\"dateModified\":\"2021-03-25T09:10:42+00:00\",\"breadcrumb\":{\"@id\":\"https:\/\/sancongnghiepvietnam.com\/index.php\/kiem-tra-do-phang\/#breadcrumb\"},\"inLanguage\":\"en-US\",\"potentialAction\":[{\"@type\":\"ReadAction\",\"target\":[\"https:\/\/sancongnghiepvietnam.com\/index.php\/kiem-tra-do-phang\/\"]}]},{\"@type\":\"BreadcrumbList\",\"@id\":\"https:\/\/sancongnghiepvietnam.com\/index.php\/kiem-tra-do-phang\/#breadcrumb\",\"itemListElement\":[{\"@type\":\"ListItem\",\"position\":1,\"item\":{\"@type\":\"WebPage\",\"@id\":\"https:\/\/sancongnghiepvietnam.com\/\",\"url\":\"https:\/\/sancongnghiepvietnam.com\/\",\"name\":\"Home\"}},{\"@type\":\"ListItem\",\"position\":2,\"item\":{\"@type\":\"WebPage\",\"@id\":\"https:\/\/sancongnghiepvietnam.com\/index.php\/kiem-tra-do-phang\/\",\"url\":\"https:\/\/sancongnghiepvietnam.com\/index.php\/kiem-tra-do-phang\/\",\"name\":\"KI\\u1ec2M TRA \\u0110\\u1ed8 PH\\u1eb2NG\"}}]}]}<\/script>\n<!-- \/ Yoast SEO plugin. -->","_links":{"self":[{"href":"https:\/\/sancongnghiepvietnam.com\/index.php\/wp-json\/wp\/v2\/pages\/150","targetHints":{"allow":["GET"]}}],"collection":[{"href":"https:\/\/sancongnghiepvietnam.com\/index.php\/wp-json\/wp\/v2\/pages"}],"about":[{"href":"https:\/\/sancongnghiepvietnam.com\/index.php\/wp-json\/wp\/v2\/types\/page"}],"author":[{"embeddable":true,"href":"https:\/\/sancongnghiepvietnam.com\/index.php\/wp-json\/wp\/v2\/users\/1"}],"replies":[{"embeddable":true,"href":"https:\/\/sancongnghiepvietnam.com\/index.php\/wp-json\/wp\/v2\/comments?post=150"}],"version-history":[{"count":5,"href":"https:\/\/sancongnghiepvietnam.com\/index.php\/wp-json\/wp\/v2\/pages\/150\/revisions"}],"predecessor-version":[{"id":541,"href":"https:\/\/sancongnghiepvietnam.com\/index.php\/wp-json\/wp\/v2\/pages\/150\/revisions\/541"}],"wp:attachment":[{"href":"https:\/\/sancongnghiepvietnam.com\/index.php\/wp-json\/wp\/v2\/media?parent=150"}],"curies":[{"name":"wp","href":"https:\/\/api.w.org\/{rel}","templated":true}]}}